{"id":760,"date":"2025-02-17T08:43:21","date_gmt":"2025-02-17T08:43:21","guid":{"rendered":"https:\/\/atelierbringin.com\/contact\/"},"modified":"2025-03-07T08:25:46","modified_gmt":"2025-03-07T08:25:46","slug":"contact","status":"publish","type":"page","link":"https:\/\/atelierbringin.com\/fr\/contact\/","title":{"rendered":"Contact"},"content":{"rendered":"<div class=\"wp-block-uagb-container uagb-layout-flex uagb-block-edf9ad47 alignfull uagb-is-root-container\"><div class=\"uagb-container-inner-blocks-wrap\">\n<div class=\"wp-block-uagb-advanced-heading uagb-block-022836bc\"><h1 class=\"uagb-heading-text\">Entrer en contact<\/h1><\/div>\n<\/div><\/div>\n\n\n\n<div class=\"wp-block-uagb-container uagb-block-u32ovv6d alignfull uagb-is-root-container\"><div class=\"uagb-container-inner-blocks-wrap\">\n<div class=\"wp-block-uagb-container uagb-block-r70wci7g\">\n<div class=\"wp-block-uagb-info-box uagb-block-xmok25nh uagb-infobox__content-wrap  uagb-infobox-icon-above-title uagb-infobox-image-valign-top\"><div class=\"uagb-ifb-content\"><div class=\"uagb-ifb-title-wrap\"><h2 class=\"uagb-ifb-title\">Nous sommes l\u00e0 pour vous aider <\/h2><\/div><p class=\"uagb-ifb-desc\"><br>Nous sommes impatients de collaborer avec vous pour cr\u00e9er des pi\u00e8ces uniques et \u00e9l\u00e9gantes. Forts de notre exp\u00e9rience en mati\u00e8re de meubles et d'accessoires en bois sur mesure, nous nous engageons \u00e0 vous offrir la qualit\u00e9 que vous attendez.<br><br>Veuillez remplir le formulaire \u00e0 gauche ou nous envoyer un e-mail \u00e0 <a href=\"mailto:info@atelierbringin.com\">info@atelierbringin.com<\/a><\/p><\/div><\/div>\n<\/div>\n\n\n\n<div class=\"wp-block-uagb-forms uagb-forms__outer-wrap uagb-block-m0hav6mq uagb-forms__default-btn\"><form class=\"uagb-forms-main-form\" method=\"post\" autocomplete=\"on\" name=\"uagb-form-m0hav6mq\" action=\"\">\n<div class=\"wp-block-uagb-forms-name uagb-forms-name-wrap uagb-forms-field-set uagb-block-jjpdkmwk uag-col-2\"><div class=\"uagb-forms-name-label required uagb-forms-input-label\" id=\"jjpdkmwk\">Pr\u00e9nom<\/div><input type=\"text\" placeholder=\"\" required class=\"uagb-forms-name-input uagb-forms-input\" name=\"jjpdkmwk\" autocomplete=\"given-name\"\/><\/div>\n\n\n\n<div class=\"wp-block-uagb-forms-name uagb-forms-name-wrap uagb-forms-field-set uagb-block-g7rodcsz uag-col-2\"><div class=\"uagb-forms-name-label required uagb-forms-input-label\" id=\"g7rodcsz\">Nom<\/div><input type=\"text\" placeholder=\"\" required class=\"uagb-forms-name-input uagb-forms-input\" name=\"g7rodcsz\" autocomplete=\"family-name\"\/><\/div>\n\n\n\n<div class=\"wp-block-uagb-forms-email uagb-forms-email-wrap uagb-forms-field-set uagb-block-fupdfaxi\"><div class=\"uagb-forms-email-label required uagb-forms-input-label\" id=\"fupdfaxi\">Email<\/div><input type=\"email\" class=\"uagb-forms-email-input uagb-forms-input\" placeholder=\"\" required name=\"fupdfaxi\" autocomplete=\"email\"\/><\/div>\n\n\n\n<div class=\"wp-block-uagb-forms-textarea uagb-forms-textarea-wrap uagb-forms-field-set uagb-block-czg7al2i\"><div class=\"uagb-forms-textarea-label required uagb-forms-input-label\" id=\"czg7al2i\">Message<\/div><textarea required class=\"uagb-forms-textarea-input uagb-forms-input\" rows=\"6\" placeholder=\"\" name=\"czg7al2i\" autocomplete=\"off\"><\/textarea><\/div>\n<div class=\"uagb-forms-form-hidden-data\"><input type=\"hidden\" class=\"uagb_forms_form_label\" value=\"Spectra Form\"\/><input type=\"hidden\" class=\"uagb_forms_form_id\" value=\"uagb-form-m0hav6mq\"\/><\/div><div class=\"uagb-form-reacaptcha-error-m0hav6mq\"><\/div><div class=\"uagb-forms-main-submit-button-wrap wp-block-button\"><button class=\"uagb-forms-main-submit-button wp-block-button__link\"><div class=\"uagb-forms-main-submit-button-text\">Soumettre Formulaire<\/div><\/button><\/div><input type=\"hidden\" name=\"trp-form-language\" value=\"fr\"\/><\/form><div class=\"uagb-forms-success-message-m0hav6mq uagb-forms-submit-message-hide\"><span>The form has been submitted successfully!<\/span><\/div><div class=\"uagb-forms-failed-message-m0hav6mq uagb-forms-submit-message-hide\"><span>There has been some error while submitting the form. Please verify all form fields again.<\/span><\/div><\/div>\n<\/div><\/div>\n\n\n\n<div class=\"wp-block-uagb-container uagb-layout-grid uagb-block-856a3241 alignfull uagb-is-root-container\"><div class=\"uagb-container-inner-blocks-wrap\"><\/div><\/div>","protected":false},"excerpt":{"rendered":"<p>Entrer en contact<\/p>","protected":false},"author":1,"featured_media":0,"parent":0,"menu_order":0,"comment_status":"closed","ping_status":"closed","template":"","meta":{"pagelayer_contact_templates":[],"_pagelayer_content":"","_uag_custom_page_level_css":"","site-sidebar-layout":"default","site-content-layout":"","ast-site-content-layout":"","site-content-style":"default","site-sidebar-style":"default","ast-global-header-display":"","ast-banner-title-visibility":"","ast-main-header-display":"","ast-hfb-above-header-display":"","ast-hfb-below-header-display":"","ast-hfb-mobile-header-display":"","site-post-title":"disabled","ast-breadcrumbs-content":"","ast-featured-img":"","footer-sml-layout":"","theme-transparent-header-meta":"enabled","adv-header-id-meta":"","stick-header-meta":"","header-above-stick-meta":"","header-main-stick-meta":"","header-below-stick-meta":"","astra-migrate-meta-layouts":"default","ast-page-background-enabled":"default","ast-page-background-meta":{"desktop":{"background-color":"var(--ast-global-color-4)","background-image":"","background-repeat":"repeat","background-position":"center center","background-size":"auto","background-attachment":"scroll","background-type":"","background-media":"","overlay-type":"","overlay-color":"","overlay-opacity":"","overlay-gradient":""},"tablet":{"background-color":"","background-image":"","background-repeat":"repeat","background-position":"center center","background-size":"auto","background-attachment":"scroll","background-type":"","background-media":"","overlay-type":"","overlay-color":"","overlay-opacity":"","overlay-gradient":""},"mobile":{"background-color":"","background-image":"","background-repeat":"repeat","background-position":"center center","background-size":"auto","background-attachment":"scroll","background-type":"","background-media":"","overlay-type":"","overlay-color":"","overlay-opacity":"","overlay-gradient":""}},"ast-content-background-meta":{"desktop":{"background-color":"var(--ast-global-color-5)","background-image":"","background-repeat":"repeat","background-position":"center center","background-size":"auto","background-attachment":"scroll","background-type":"","background-media":"","overlay-type":"","overlay-color":"","overlay-opacity":"","overlay-gradient":""},"tablet":{"background-color":"var(--ast-global-color-5)","background-image":"","background-repeat":"repeat","background-position":"center center","background-size":"auto","background-attachment":"scroll","background-type":"","background-media":"","overlay-type":"","overlay-color":"","overlay-opacity":"","overlay-gradient":""},"mobile":{"background-color":"var(--ast-global-color-5)","background-image":"","background-repeat":"repeat","background-position":"center center","background-size":"auto","background-attachment":"scroll","background-type":"","background-media":"","overlay-type":"","overlay-color":"","overlay-opacity":"","overlay-gradient":""}},"footnotes":""},"class_list":["post-760","page","type-page","status-publish","hentry"],"yoast_head":"<!-- This site is optimized with the Yoast SEO plugin v25.2 - https:\/\/yoast.com\/wordpress\/plugins\/seo\/ -->\n<title>Contact - Atelier Bringin<\/title>\n<meta name=\"robots\" content=\"index, follow, max-snippet:-1, max-image-preview:large, max-video-preview:-1\" \/>\n<link rel=\"canonical\" href=\"https:\/\/atelierbringin.com\/fr\/contact\/\" \/>\n<meta property=\"og:locale\" content=\"fr_FR\" \/>\n<meta property=\"og:type\" content=\"article\" \/>\n<meta property=\"og:title\" content=\"Contact - Atelier Bringin\" \/>\n<meta property=\"og:description\" content=\"Get in touch\" \/>\n<meta property=\"og:url\" content=\"https:\/\/atelierbringin.com\/fr\/contact\/\" \/>\n<meta property=\"og:site_name\" content=\"Atelier Bringin\" \/>\n<meta property=\"article:modified_time\" content=\"2025-03-07T08:25:46+00:00\" \/>\n<meta name=\"twitter:card\" content=\"summary_large_image\" \/>\n<script type=\"application\/ld+json\" class=\"yoast-schema-graph\">{\"@context\":\"https:\/\/schema.org\",\"@graph\":[{\"@type\":\"WebPage\",\"@id\":\"https:\/\/atelierbringin.com\/contact\/\",\"url\":\"https:\/\/atelierbringin.com\/contact\/\",\"name\":\"Contact - Atelier Bringin\",\"isPartOf\":{\"@id\":\"https:\/\/atelierbringin.com\/#website\"},\"datePublished\":\"2025-02-17T08:43:21+00:00\",\"dateModified\":\"2025-03-07T08:25:46+00:00\",\"breadcrumb\":{\"@id\":\"https:\/\/atelierbringin.com\/contact\/#breadcrumb\"},\"inLanguage\":\"fr-FR\",\"potentialAction\":[{\"@type\":\"ReadAction\",\"target\":[\"https:\/\/atelierbringin.com\/contact\/\"]}]},{\"@type\":\"BreadcrumbList\",\"@id\":\"https:\/\/atelierbringin.com\/contact\/#breadcrumb\",\"itemListElement\":[{\"@type\":\"ListItem\",\"position\":1,\"name\":\"Home\",\"item\":\"https:\/\/atelierbringin.com\/\"},{\"@type\":\"ListItem\",\"position\":2,\"name\":\"Contact\"}]},{\"@type\":\"WebSite\",\"@id\":\"https:\/\/atelierbringin.com\/#website\",\"url\":\"https:\/\/atelierbringin.com\/\",\"name\":\"Atelier Bringin\",\"description\":\"Atelier Bringin\",\"publisher\":{\"@id\":\"https:\/\/atelierbringin.com\/#organization\"},\"potentialAction\":[{\"@type\":\"SearchAction\",\"target\":{\"@type\":\"EntryPoint\",\"urlTemplate\":\"https:\/\/atelierbringin.com\/?s={search_term_string}\"},\"query-input\":{\"@type\":\"PropertyValueSpecification\",\"valueRequired\":true,\"valueName\":\"search_term_string\"}}],\"inLanguage\":\"fr-FR\"},{\"@type\":\"Organization\",\"@id\":\"https:\/\/atelierbringin.com\/#organization\",\"name\":\"Atelier Bringin\",\"url\":\"https:\/\/atelierbringin.com\/\",\"logo\":{\"@type\":\"ImageObject\",\"inLanguage\":\"fr-FR\",\"@id\":\"https:\/\/atelierbringin.com\/#\/schema\/logo\/image\/\",\"url\":\"https:\/\/atelierbringin.com\/wp-content\/uploads\/2025\/02\/Logo-Atelier-Bringin.svg\",\"contentUrl\":\"https:\/\/atelierbringin.com\/wp-content\/uploads\/2025\/02\/Logo-Atelier-Bringin.svg\",\"width\":1,\"height\":1,\"caption\":\"Atelier Bringin\"},\"image\":{\"@id\":\"https:\/\/atelierbringin.com\/#\/schema\/logo\/image\/\"}}]}<\/script>\n<!-- \/ Yoast SEO plugin. -->","yoast_head_json":{"title":"Contact - Atelier Bringin","robots":{"index":"index","follow":"follow","max-snippet":"max-snippet:-1","max-image-preview":"max-image-preview:large","max-video-preview":"max-video-preview:-1"},"canonical":"https:\/\/atelierbringin.com\/fr\/contact\/","og_locale":"fr_FR","og_type":"article","og_title":"Contact - Atelier Bringin","og_description":"Get in touch","og_url":"https:\/\/atelierbringin.com\/fr\/contact\/","og_site_name":"Atelier Bringin","article_modified_time":"2025-03-07T08:25:46+00:00","twitter_card":"summary_large_image","schema":{"@context":"https:\/\/schema.org","@graph":[{"@type":"WebPage","@id":"https:\/\/atelierbringin.com\/contact\/","url":"https:\/\/atelierbringin.com\/contact\/","name":"Contact - Atelier Bringin","isPartOf":{"@id":"https:\/\/atelierbringin.com\/#website"},"datePublished":"2025-02-17T08:43:21+00:00","dateModified":"2025-03-07T08:25:46+00:00","breadcrumb":{"@id":"https:\/\/atelierbringin.com\/contact\/#breadcrumb"},"inLanguage":"fr-FR","potentialAction":[{"@type":"ReadAction","target":["https:\/\/atelierbringin.com\/contact\/"]}]},{"@type":"BreadcrumbList","@id":"https:\/\/atelierbringin.com\/contact\/#breadcrumb","itemListElement":[{"@type":"ListItem","position":1,"name":"Home","item":"https:\/\/atelierbringin.com\/"},{"@type":"ListItem","position":2,"name":"Contact"}]},{"@type":"WebSite","@id":"https:\/\/atelierbringin.com\/#website","url":"https:\/\/atelierbringin.com\/","name":"Atelier Bringin","description":"Atelier Bringin","publisher":{"@id":"https:\/\/atelierbringin.com\/#organization"},"potentialAction":[{"@type":"SearchAction","target":{"@type":"EntryPoint","urlTemplate":"https:\/\/atelierbringin.com\/?s={search_term_string}"},"query-input":{"@type":"PropertyValueSpecification","valueRequired":true,"valueName":"search_term_string"}}],"inLanguage":"fr-FR"},{"@type":"Organization","@id":"https:\/\/atelierbringin.com\/#organization","name":"Atelier Bringin","url":"https:\/\/atelierbringin.com\/","logo":{"@type":"ImageObject","inLanguage":"fr-FR","@id":"https:\/\/atelierbringin.com\/#\/schema\/logo\/image\/","url":"https:\/\/atelierbringin.com\/wp-content\/uploads\/2025\/02\/Logo-Atelier-Bringin.svg","contentUrl":"https:\/\/atelierbringin.com\/wp-content\/uploads\/2025\/02\/Logo-Atelier-Bringin.svg","width":1,"height":1,"caption":"Atelier Bringin"},"image":{"@id":"https:\/\/atelierbringin.com\/#\/schema\/logo\/image\/"}}]}},"pbg_featured_image_src":{"full":false,"thumbnail":false,"medium":false,"medium_large":false,"large":false,"1536x1536":false,"2048x2048":false,"trp-custom-language-flag":false},"pbg_author_info":{"display_name":"pxopi","author_link":"https:\/\/atelierbringin.com\/fr\/author\/pxopi\/","author_img":"<img alt='pxopi' src='https:\/\/secure.gravatar.com\/avatar\/b12df07a30fa1e662e0d5963daaccd43e471981b541c955d58ff72995d439128?s=128&#038;d=mm&#038;r=g' srcset='https:\/\/secure.gravatar.com\/avatar\/b12df07a30fa1e662e0d5963daaccd43e471981b541c955d58ff72995d439128?s=256&#038;d=mm&#038;r=g 2x' class='avatar avatar-128 photo' height='128' width='128' loading='lazy' decoding='async'\/>"},"pbg_comment_info":" No Comments","pbg_excerpt":"Get in touch","uagb_featured_image_src":{"full":false,"thumbnail":false,"medium":false,"medium_large":false,"large":false,"1536x1536":false,"2048x2048":false,"trp-custom-language-flag":false},"uagb_author_info":{"display_name":"pxopi","author_link":"https:\/\/atelierbringin.com\/fr\/author\/pxopi\/"},"uagb_comment_info":0,"uagb_excerpt":"Get in touch","_links":{"self":[{"href":"https:\/\/atelierbringin.com\/fr\/wp-json\/wp\/v2\/pages\/760","targetHints":{"allow":["GET"]}}],"collection":[{"href":"https:\/\/atelierbringin.com\/fr\/wp-json\/wp\/v2\/pages"}],"about":[{"href":"https:\/\/atelierbringin.com\/fr\/wp-json\/wp\/v2\/types\/page"}],"author":[{"embeddable":true,"href":"https:\/\/atelierbringin.com\/fr\/wp-json\/wp\/v2\/users\/1"}],"replies":[{"embeddable":true,"href":"https:\/\/atelierbringin.com\/fr\/wp-json\/wp\/v2\/comments?post=760"}],"version-history":[{"count":8,"href":"https:\/\/atelierbringin.com\/fr\/wp-json\/wp\/v2\/pages\/760\/revisions"}],"predecessor-version":[{"id":1389,"href":"https:\/\/atelierbringin.com\/fr\/wp-json\/wp\/v2\/pages\/760\/revisions\/1389"}],"wp:attachment":[{"href":"https:\/\/atelierbringin.com\/fr\/wp-json\/wp\/v2\/media?parent=760"}],"curies":[{"name":"wp","href":"https:\/\/api.w.org\/{rel}","templated":true}]}}