{"id":563,"date":"2025-02-17T08:43:12","date_gmt":"2025-02-17T08:43:12","guid":{"rendered":"https:\/\/atelierbringin.com\/services\/"},"modified":"2025-02-27T03:18:49","modified_gmt":"2025-02-27T03:18:49","slug":"productsandservices","status":"publish","type":"page","link":"https:\/\/atelierbringin.com\/fr\/productsandservices\/","title":{"rendered":"Produits et Services"},"content":{"rendered":"<div class=\"wp-block-uagb-container uagb-layout-flex uagb-block-edf9ad47 alignfull uagb-is-root-container\"><div class=\"uagb-container-inner-blocks-wrap\">\n<div class=\"wp-block-uagb-advanced-heading uagb-block-022836bc\"><h1 class=\"uagb-heading-text\">Produits et Services<\/h1><\/div>\n<\/div><\/div>\n\n\n\n<div class=\"wp-block-uagb-container uagb-layout-grid uagb-block-889b654d alignfull uagb-is-root-container\"><div class=\"uagb-container-inner-blocks-wrap\">\n<div class=\"wp-block-uagb-image alignleft uagb-block-c38a6bbe wp-block-uagb-image--layout-default wp-block-uagb-image--effect-static wp-block-uagb-image--align-left\"><figure class=\"wp-block-uagb-image__figure\"><img decoding=\"async\" srcset=\"https:\/\/atelierbringin.com\/wp-content\/uploads\/2025\/02\/IMG_4247-1024x1024.webp ,https:\/\/atelierbringin.com\/wp-content\/uploads\/2025\/02\/IMG_4247-scaled.webp 780w, https:\/\/atelierbringin.com\/wp-content\/uploads\/2025\/02\/IMG_4247-scaled.webp 360w\" sizes=\"auto, (max-width: 480px) 150px\" src=\"https:\/\/atelierbringin.com\/wp-content\/uploads\/2025\/02\/IMG_4247-1024x1024.webp\" alt=\"\" class=\"uag-image-1340\" width=\"400\" height=\"460\" title=\"IMG_4247\" loading=\"lazy\" role=\"img\"\/><\/figure><\/div>\n\n\n\n<div class=\"wp-block-uagb-container uagb-layout-flex uagb-block-63e0ef61\">\n<h2 class=\"wp-block-heading\">Meubles et Accessoires<\/h2>\n\n\n\n<p>Notre atelier se consacre \u00e0 la production d'une s\u00e9rie de meubles et d'accessoires en bois haut de gamme pour les secteurs de l'industrie du luxe, notamment des armoires, des \u00e9tag\u00e8res, des consoles, des jeux de soci\u00e9t\u00e9, des accessoires, des sculptures, etc.<\/p>\n\n\n\n<p>Fort de pr\u00e8s de 30 ans d'expertise, nous avons b\u00e2ti une r\u00e9putation d'excellence en mati\u00e8re de savoir-faire, de qualit\u00e9, de service et chaque s\u00e9rie de produits est adapt\u00e9e pour r\u00e9pondre aux demandes des client dans le monde entier.<\/p>\n<\/div>\n<\/div><\/div>\n\n\n\n<div class=\"wp-block-uagb-container uagb-block-a9da1e25 alignfull uagb-is-root-container\"><div class=\"uagb-container-inner-blocks-wrap\">\n<div class=\"wp-block-uagb-container uagb-block-1f905456\">\n<div class=\"wp-block-uagb-advanced-heading uagb-block-c6159673\"><h2 class=\"uagb-heading-text\">Comment Nous Servons Nos Clients<\/h2><\/div>\n<\/div>\n\n\n\n<div class=\"wp-block-uagb-container uagb-layout-grid uagb-block-ec9486ee default uagb-is-root-container\">\n<div class=\"wp-block-uagb-info-box uagb-block-5a2bc621 uagb-infobox__content-wrap  uagb-infobox-icon-above-title uagb-infobox-image-valign-top wp-block-uagb-info-box--has-margin\"><div class=\"uagb-infobox-margin-wrapper\"><div class=\"uagb-ifb-content\"><div class=\"uagb-ifb-title-wrap\"><span class=\"uagb-ifb-title-prefix\">01<\/span><h2 class=\"uagb-ifb-title\">Discussion Approfondie<\/h2><\/div><p class=\"uagb-ifb-desc\">Notre processus commence par une discussion approfondie afin de comprendre les besoins et la vision du client pour le produit souhait\u00e9. <\/p><\/div><\/div><\/div>\n\n\n\n<div class=\"wp-block-uagb-image uagb-block-936d1125 wp-block-uagb-image--layout-default wp-block-uagb-image--effect-static wp-block-uagb-image--align-none\"><figure class=\"wp-block-uagb-image__figure\"><img decoding=\"async\" srcset=\"https:\/\/atelierbringin.com\/wp-content\/uploads\/2025\/02\/Samdelaissephotography_EthnicraftImagery_175-1024x683.webp ,https:\/\/atelierbringin.com\/wp-content\/uploads\/2025\/02\/Samdelaissephotography_EthnicraftImagery_175.webp 780w, https:\/\/atelierbringin.com\/wp-content\/uploads\/2025\/02\/Samdelaissephotography_EthnicraftImagery_175.webp 360w\" sizes=\"auto, (max-width: 480px) 150px\" src=\"https:\/\/atelierbringin.com\/wp-content\/uploads\/2025\/02\/Samdelaissephotography_EthnicraftImagery_175-1024x683.webp\" alt=\"\" class=\"uag-image-1059\" width=\"522\" height=\"440\" title=\"Samdelaissephotography_EthnicraftImagery_175\" loading=\"lazy\" role=\"img\"\/><\/figure><\/div>\n<\/div>\n\n\n\n<div class=\"wp-block-uagb-container uagb-layout-grid uagb-block-932b0ea7 default uagb-is-root-container\">\n<div class=\"wp-block-uagb-image uagb-block-e214f383 wp-block-uagb-image--layout-default wp-block-uagb-image--effect-static wp-block-uagb-image--align-none\"><figure class=\"wp-block-uagb-image__figure\"><img decoding=\"async\" srcset=\"https:\/\/atelierbringin.com\/wp-content\/uploads\/2025\/02\/Samdelaissephotography_EthnicraftImagery_190-1024x576.webp ,https:\/\/atelierbringin.com\/wp-content\/uploads\/2025\/02\/Samdelaissephotography_EthnicraftImagery_190.webp 780w, https:\/\/atelierbringin.com\/wp-content\/uploads\/2025\/02\/Samdelaissephotography_EthnicraftImagery_190.webp 360w\" sizes=\"auto, (max-width: 480px) 150px\" src=\"https:\/\/atelierbringin.com\/wp-content\/uploads\/2025\/02\/Samdelaissephotography_EthnicraftImagery_190-1024x576.webp\" alt=\"\" class=\"uag-image-1074\" width=\"522\" height=\"440\" title=\"Samdelaissephotography_EthnicraftImagery_190\" loading=\"lazy\" role=\"img\"\/><\/figure><\/div>\n\n\n\n<div class=\"wp-block-uagb-info-box uagb-block-38856887 uagb-infobox__content-wrap  uagb-infobox-icon-above-title uagb-infobox-image-valign-top wp-block-uagb-info-box--has-margin\"><div class=\"uagb-infobox-margin-wrapper\"><div class=\"uagb-ifb-content\"><div class=\"uagb-ifb-title-wrap\"><span class=\"uagb-ifb-title-prefix\">02<\/span><h2 class=\"uagb-ifb-title\">Affiner et Optimiser<\/h2><\/div><p class=\"uagb-ifb-desc\">\u00c0 partir de l\u00e0, nous affinons et optimisons le design, en veillant \u00e0 ce qu'il corresponde parfaitement \u00e0 leurs attentes. <\/p><\/div><\/div><\/div>\n<\/div>\n\n\n\n<div class=\"wp-block-uagb-container uagb-layout-grid uagb-block-91add4aa default uagb-is-root-container\">\n<div class=\"wp-block-uagb-info-box uagb-block-87dc43fa uagb-infobox__content-wrap  uagb-infobox-icon-above-title uagb-infobox-image-valign-top wp-block-uagb-info-box--has-margin\"><div class=\"uagb-infobox-margin-wrapper\"><div class=\"uagb-ifb-content\"><div class=\"uagb-ifb-title-wrap\"><span class=\"uagb-ifb-title-prefix\">03<\/span><h2 class=\"uagb-ifb-title\">L'\u00e9chantillon<\/h2><\/div><p class=\"uagb-ifb-desc\">Sur la base du design final, nous cr\u00e9ons le premier \u00e9chantillon, qui sert de repr\u00e9sentation tangible du produit. Cet \u00e9chantillon est ensuite examin\u00e9 et discut\u00e9 avec le client, permettant de proc\u00e9der aux ajustements finaux. <\/p><\/div><\/div><\/div>\n\n\n\n<div class=\"wp-block-uagb-image uagb-block-dcc4c013 wp-block-uagb-image--layout-default wp-block-uagb-image--effect-static wp-block-uagb-image--align-none\"><figure class=\"wp-block-uagb-image__figure\"><img decoding=\"async\" srcset=\"https:\/\/atelierbringin.com\/wp-content\/uploads\/2025\/02\/Samdelaissephotography_EthnicraftImagery_173_web-1024x683.webp ,https:\/\/atelierbringin.com\/wp-content\/uploads\/2025\/02\/Samdelaissephotography_EthnicraftImagery_173_web.webp 780w, https:\/\/atelierbringin.com\/wp-content\/uploads\/2025\/02\/Samdelaissephotography_EthnicraftImagery_173_web.webp 360w\" sizes=\"auto, (max-width: 480px) 150px\" src=\"https:\/\/atelierbringin.com\/wp-content\/uploads\/2025\/02\/Samdelaissephotography_EthnicraftImagery_173_web-1024x683.webp\" alt=\"\" class=\"uag-image-1271\" width=\"522\" height=\"440\" title=\"Samdelaissephotography_EthnicraftImagery_173_web\" loading=\"lazy\" role=\"img\"\/><\/figure><\/div>\n<\/div>\n\n\n\n<div class=\"wp-block-uagb-container uagb-layout-grid uagb-block-d40cbe4f default uagb-is-root-container\">\n<div class=\"wp-block-uagb-image uagb-block-e6072c33 wp-block-uagb-image--layout-default wp-block-uagb-image--effect-static wp-block-uagb-image--align-none\"><figure class=\"wp-block-uagb-image__figure\"><img decoding=\"async\" srcset=\"https:\/\/atelierbringin.com\/wp-content\/uploads\/2025\/02\/Samdelaissephotography_EthnicraftImagery_248_web-1024x683.webp ,https:\/\/atelierbringin.com\/wp-content\/uploads\/2025\/02\/Samdelaissephotography_EthnicraftImagery_248_web.webp 780w, https:\/\/atelierbringin.com\/wp-content\/uploads\/2025\/02\/Samdelaissephotography_EthnicraftImagery_248_web.webp 360w\" sizes=\"auto, (max-width: 480px) 150px\" src=\"https:\/\/atelierbringin.com\/wp-content\/uploads\/2025\/02\/Samdelaissephotography_EthnicraftImagery_248_web-1024x683.webp\" alt=\"\" class=\"uag-image-1245\" width=\"522\" height=\"440\" title=\"Samdelaissephotography_EthnicraftImagery_248_web\" loading=\"lazy\" role=\"img\"\/><\/figure><\/div>\n\n\n\n<div class=\"wp-block-uagb-info-box uagb-block-43b61b56 uagb-infobox__content-wrap  uagb-infobox-icon-above-title uagb-infobox-image-valign-top wp-block-uagb-info-box--has-margin\"><div class=\"uagb-infobox-margin-wrapper\"><div class=\"uagb-ifb-content\"><div class=\"uagb-ifb-title-wrap\"><span class=\"uagb-ifb-title-prefix\">04<\/span><h2 class=\"uagb-ifb-title\">Produit Final<\/h2><\/div><p class=\"uagb-ifb-desc\">Avec approbation s\u00e9curis\u00e9e, nous proc\u00e9dons \u00e0 la production \u00e0 grande \u00e9chelle, donnant vie au design avec notre savoir-faire signature et notre souci du d\u00e9tail.<\/p><\/div><\/div><\/div>\n<\/div>\n<\/div><\/div>\n\n\n\n<div class=\"wp-block-uagb-container uagb-block-zm1rhpsn alignfull uagb-is-root-container\"><div class=\"uagb-container-inner-blocks-wrap\">\n<div class=\"wp-block-uagb-info-box uagb-block-pv39sd6x uagb-infobox__content-wrap  uagb-infobox-icon-above-title uagb-infobox-image-valign-top\"><div class=\"uagb-ifb-content\"><div class=\"uagb-ifb-title-wrap\"><h1 class=\"uagb-ifb-title\">Au-del\u00e0 des Fronti\u00e8res<\/h1><\/div><\/div><\/div>\n\n\n\n<div class=\"wp-block-uagb-info-box uagb-block-qkjglvzv uagb-infobox__content-wrap  uagb-infobox-icon-above-title uagb-infobox-image-valign-top\"><div class=\"uagb-ifb-content\"><div class=\"uagb-ifb-title-wrap\"><\/div><p class=\"uagb-ifb-desc\">Nous sommes fiers de collaborer avec des clients de par le monde. cr\u00e9ant des meubles et des accessoires qui s'adaptent parfaitement \u00e0 diverses attentes, go\u00fbts et pr\u00e9f\u00e9rences culturelles. Chaque s\u00e9rie de produits r\u00e9sonne de mani\u00e8re unique aupr\u00e8s de son public cible.<\/p><\/div><\/div>\n<\/div><\/div>","protected":false},"excerpt":{"rendered":"<p>Products and Services Furniture and Accessories Our atelier is dedicated to producing a series of high-end wooden furniture and accessories [&hellip;]<\/p>","protected":false},"author":1,"featured_media":0,"parent":0,"menu_order":0,"comment_status":"closed","ping_status":"closed","template":"","meta":{"pagelayer_contact_templates":[],"_pagelayer_content":"","_uag_custom_page_level_css":"","site-sidebar-layout":"default","site-content-layout":"","ast-site-content-layout":"","site-content-style":"default","site-sidebar-style":"default","ast-global-header-display":"","ast-banner-title-visibility":"","ast-main-header-display":"","ast-hfb-above-header-display":"","ast-hfb-below-header-display":"","ast-hfb-mobile-header-display":"","site-post-title":"disabled","ast-breadcrumbs-content":"","ast-featured-img":"","footer-sml-layout":"","theme-transparent-header-meta":"enabled","adv-header-id-meta":"","stick-header-meta":"","header-above-stick-meta":"","header-main-stick-meta":"","header-below-stick-meta":"","astra-migrate-meta-layouts":"default","ast-page-background-enabled":"default","ast-page-background-meta":{"desktop":{"background-color":"var(--ast-global-color-4)","background-image":"","background-repeat":"repeat","background-position":"center center","background-size":"auto","background-attachment":"scroll","background-type":"","background-media":"","overlay-type":"","overlay-color":"","overlay-opacity":"","overlay-gradient":""},"tablet":{"background-color":"","background-image":"","background-repeat":"repeat","background-position":"center center","background-size":"auto","background-attachment":"scroll","background-type":"","background-media":"","overlay-type":"","overlay-color":"","overlay-opacity":"","overlay-gradient":""},"mobile":{"background-color":"","background-image":"","background-repeat":"repeat","background-position":"center center","background-size":"auto","background-attachment":"scroll","background-type":"","background-media":"","overlay-type":"","overlay-color":"","overlay-opacity":"","overlay-gradient":""}},"ast-content-background-meta":{"desktop":{"background-color":"var(--ast-global-color-5)","background-image":"","background-repeat":"repeat","background-position":"center center","background-size":"auto","background-attachment":"scroll","background-type":"","background-media":"","overlay-type":"","overlay-color":"","overlay-opacity":"","overlay-gradient":""},"tablet":{"background-color":"var(--ast-global-color-5)","background-image":"","background-repeat":"repeat","background-position":"center center","background-size":"auto","background-attachment":"scroll","background-type":"","background-media":"","overlay-type":"","overlay-color":"","overlay-opacity":"","overlay-gradient":""},"mobile":{"background-color":"var(--ast-global-color-5)","background-image":"","background-repeat":"repeat","background-position":"center center","background-size":"auto","background-attachment":"scroll","background-type":"","background-media":"","overlay-type":"","overlay-color":"","overlay-opacity":"","overlay-gradient":""}},"footnotes":""},"class_list":["post-563","page","type-page","status-publish","hentry"],"yoast_head":"<!-- This site is optimized with the Yoast SEO plugin v25.2 - https:\/\/yoast.com\/wordpress\/plugins\/seo\/ -->\n<title>Products and Services - Atelier Bringin<\/title>\n<meta name=\"robots\" content=\"index, follow, max-snippet:-1, max-image-preview:large, max-video-preview:-1\" \/>\n<link rel=\"canonical\" href=\"https:\/\/atelierbringin.com\/fr\/productsandservices\/\" \/>\n<meta property=\"og:locale\" content=\"fr_FR\" \/>\n<meta property=\"og:type\" content=\"article\" \/>\n<meta property=\"og:title\" content=\"Products and Services - Atelier Bringin\" \/>\n<meta property=\"og:description\" content=\"Products and Services Furniture and Accessories Our atelier is dedicated to producing a series of high-end wooden furniture and accessories [&hellip;]\" \/>\n<meta property=\"og:url\" content=\"https:\/\/atelierbringin.com\/fr\/productsandservices\/\" \/>\n<meta property=\"og:site_name\" content=\"Atelier Bringin\" \/>\n<meta property=\"article:modified_time\" content=\"2025-02-27T03:18:49+00:00\" \/>\n<meta property=\"og:image\" content=\"https:\/\/atelierbringin.com\/wp-content\/uploads\/2025\/02\/IMG_4247-1024x1024.jpg\" \/>\n<meta name=\"twitter:card\" content=\"summary_large_image\" \/>\n<meta name=\"twitter:label1\" content=\"Dur\u00e9e de lecture estim\u00e9e\" \/>\n\t<meta name=\"twitter:data1\" content=\"1 minute\" \/>\n<script type=\"application\/ld+json\" class=\"yoast-schema-graph\">{\"@context\":\"https:\/\/schema.org\",\"@graph\":[{\"@type\":\"WebPage\",\"@id\":\"https:\/\/atelierbringin.com\/productsandservices\/\",\"url\":\"https:\/\/atelierbringin.com\/productsandservices\/\",\"name\":\"Products and Services - Atelier Bringin\",\"isPartOf\":{\"@id\":\"https:\/\/atelierbringin.com\/#website\"},\"primaryImageOfPage\":{\"@id\":\"https:\/\/atelierbringin.com\/productsandservices\/#primaryimage\"},\"image\":{\"@id\":\"https:\/\/atelierbringin.com\/productsandservices\/#primaryimage\"},\"thumbnailUrl\":\"https:\/\/atelierbringin.com\/wp-content\/uploads\/2025\/02\/IMG_4247-1024x1024.jpg\",\"datePublished\":\"2025-02-17T08:43:12+00:00\",\"dateModified\":\"2025-02-27T03:18:49+00:00\",\"breadcrumb\":{\"@id\":\"https:\/\/atelierbringin.com\/productsandservices\/#breadcrumb\"},\"inLanguage\":\"fr-FR\",\"potentialAction\":[{\"@type\":\"ReadAction\",\"target\":[\"https:\/\/atelierbringin.com\/productsandservices\/\"]}]},{\"@type\":\"ImageObject\",\"inLanguage\":\"fr-FR\",\"@id\":\"https:\/\/atelierbringin.com\/productsandservices\/#primaryimage\",\"url\":\"https:\/\/atelierbringin.com\/wp-content\/uploads\/2025\/02\/IMG_4247-1024x1024.jpg\",\"contentUrl\":\"https:\/\/atelierbringin.com\/wp-content\/uploads\/2025\/02\/IMG_4247-1024x1024.jpg\"},{\"@type\":\"BreadcrumbList\",\"@id\":\"https:\/\/atelierbringin.com\/productsandservices\/#breadcrumb\",\"itemListElement\":[{\"@type\":\"ListItem\",\"position\":1,\"name\":\"Home\",\"item\":\"https:\/\/atelierbringin.com\/\"},{\"@type\":\"ListItem\",\"position\":2,\"name\":\"Products and Services\"}]},{\"@type\":\"WebSite\",\"@id\":\"https:\/\/atelierbringin.com\/#website\",\"url\":\"https:\/\/atelierbringin.com\/\",\"name\":\"Atelier Bringin\",\"description\":\"Atelier Bringin\",\"publisher\":{\"@id\":\"https:\/\/atelierbringin.com\/#organization\"},\"potentialAction\":[{\"@type\":\"SearchAction\",\"target\":{\"@type\":\"EntryPoint\",\"urlTemplate\":\"https:\/\/atelierbringin.com\/?s={search_term_string}\"},\"query-input\":{\"@type\":\"PropertyValueSpecification\",\"valueRequired\":true,\"valueName\":\"search_term_string\"}}],\"inLanguage\":\"fr-FR\"},{\"@type\":\"Organization\",\"@id\":\"https:\/\/atelierbringin.com\/#organization\",\"name\":\"Atelier Bringin\",\"url\":\"https:\/\/atelierbringin.com\/\",\"logo\":{\"@type\":\"ImageObject\",\"inLanguage\":\"fr-FR\",\"@id\":\"https:\/\/atelierbringin.com\/#\/schema\/logo\/image\/\",\"url\":\"https:\/\/atelierbringin.com\/wp-content\/uploads\/2025\/02\/Logo-Atelier-Bringin.svg\",\"contentUrl\":\"https:\/\/atelierbringin.com\/wp-content\/uploads\/2025\/02\/Logo-Atelier-Bringin.svg\",\"width\":1,\"height\":1,\"caption\":\"Atelier Bringin\"},\"image\":{\"@id\":\"https:\/\/atelierbringin.com\/#\/schema\/logo\/image\/\"}}]}<\/script>\n<!-- \/ Yoast SEO plugin. -->","yoast_head_json":{"title":"Products and Services - Atelier Bringin","robots":{"index":"index","follow":"follow","max-snippet":"max-snippet:-1","max-image-preview":"max-image-preview:large","max-video-preview":"max-video-preview:-1"},"canonical":"https:\/\/atelierbringin.com\/fr\/productsandservices\/","og_locale":"fr_FR","og_type":"article","og_title":"Products and Services - Atelier Bringin","og_description":"Products and Services Furniture and Accessories Our atelier is dedicated to producing a series of high-end wooden furniture and accessories [&hellip;]","og_url":"https:\/\/atelierbringin.com\/fr\/productsandservices\/","og_site_name":"Atelier Bringin","article_modified_time":"2025-02-27T03:18:49+00:00","og_image":[{"url":"https:\/\/atelierbringin.com\/wp-content\/uploads\/2025\/02\/IMG_4247-1024x1024.jpg","type":"","width":"","height":""}],"twitter_card":"summary_large_image","twitter_misc":{"Dur\u00e9e de lecture estim\u00e9e":"1 minute"},"schema":{"@context":"https:\/\/schema.org","@graph":[{"@type":"WebPage","@id":"https:\/\/atelierbringin.com\/productsandservices\/","url":"https:\/\/atelierbringin.com\/productsandservices\/","name":"Products and Services - Atelier Bringin","isPartOf":{"@id":"https:\/\/atelierbringin.com\/#website"},"primaryImageOfPage":{"@id":"https:\/\/atelierbringin.com\/productsandservices\/#primaryimage"},"image":{"@id":"https:\/\/atelierbringin.com\/productsandservices\/#primaryimage"},"thumbnailUrl":"https:\/\/atelierbringin.com\/wp-content\/uploads\/2025\/02\/IMG_4247-1024x1024.jpg","datePublished":"2025-02-17T08:43:12+00:00","dateModified":"2025-02-27T03:18:49+00:00","breadcrumb":{"@id":"https:\/\/atelierbringin.com\/productsandservices\/#breadcrumb"},"inLanguage":"fr-FR","potentialAction":[{"@type":"ReadAction","target":["https:\/\/atelierbringin.com\/productsandservices\/"]}]},{"@type":"ImageObject","inLanguage":"fr-FR","@id":"https:\/\/atelierbringin.com\/productsandservices\/#primaryimage","url":"https:\/\/atelierbringin.com\/wp-content\/uploads\/2025\/02\/IMG_4247-1024x1024.jpg","contentUrl":"https:\/\/atelierbringin.com\/wp-content\/uploads\/2025\/02\/IMG_4247-1024x1024.jpg"},{"@type":"BreadcrumbList","@id":"https:\/\/atelierbringin.com\/productsandservices\/#breadcrumb","itemListElement":[{"@type":"ListItem","position":1,"name":"Home","item":"https:\/\/atelierbringin.com\/"},{"@type":"ListItem","position":2,"name":"Products and Services"}]},{"@type":"WebSite","@id":"https:\/\/atelierbringin.com\/#website","url":"https:\/\/atelierbringin.com\/","name":"Atelier Bringin","description":"Atelier Bringin","publisher":{"@id":"https:\/\/atelierbringin.com\/#organization"},"potentialAction":[{"@type":"SearchAction","target":{"@type":"EntryPoint","urlTemplate":"https:\/\/atelierbringin.com\/?s={search_term_string}"},"query-input":{"@type":"PropertyValueSpecification","valueRequired":true,"valueName":"search_term_string"}}],"inLanguage":"fr-FR"},{"@type":"Organization","@id":"https:\/\/atelierbringin.com\/#organization","name":"Atelier Bringin","url":"https:\/\/atelierbringin.com\/","logo":{"@type":"ImageObject","inLanguage":"fr-FR","@id":"https:\/\/atelierbringin.com\/#\/schema\/logo\/image\/","url":"https:\/\/atelierbringin.com\/wp-content\/uploads\/2025\/02\/Logo-Atelier-Bringin.svg","contentUrl":"https:\/\/atelierbringin.com\/wp-content\/uploads\/2025\/02\/Logo-Atelier-Bringin.svg","width":1,"height":1,"caption":"Atelier Bringin"},"image":{"@id":"https:\/\/atelierbringin.com\/#\/schema\/logo\/image\/"}}]}},"pbg_featured_image_src":{"full":false,"thumbnail":false,"medium":false,"medium_large":false,"large":false,"1536x1536":false,"2048x2048":false,"trp-custom-language-flag":false},"pbg_author_info":{"display_name":"pxopi","author_link":"https:\/\/atelierbringin.com\/fr\/author\/pxopi\/","author_img":"<img alt='pxopi' src='https:\/\/secure.gravatar.com\/avatar\/b12df07a30fa1e662e0d5963daaccd43e471981b541c955d58ff72995d439128?s=128&#038;d=mm&#038;r=g' srcset='https:\/\/secure.gravatar.com\/avatar\/b12df07a30fa1e662e0d5963daaccd43e471981b541c955d58ff72995d439128?s=256&#038;d=mm&#038;r=g 2x' class='avatar avatar-128 photo' height='128' width='128' loading='lazy' decoding='async'\/>"},"pbg_comment_info":" No Comments","pbg_excerpt":"Products and Services Furniture and Accessories Our atelier is dedicated to producing a series of high-end wooden furniture and accessories [&hellip;]","uagb_featured_image_src":{"full":false,"thumbnail":false,"medium":false,"medium_large":false,"large":false,"1536x1536":false,"2048x2048":false,"trp-custom-language-flag":false},"uagb_author_info":{"display_name":"pxopi","author_link":"https:\/\/atelierbringin.com\/fr\/author\/pxopi\/"},"uagb_comment_info":0,"uagb_excerpt":"Products and Services Furniture and Accessories Our atelier is dedicated to producing a series of high-end wooden furniture and accessories [&hellip;]","_links":{"self":[{"href":"https:\/\/atelierbringin.com\/fr\/wp-json\/wp\/v2\/pages\/563","targetHints":{"allow":["GET"]}}],"collection":[{"href":"https:\/\/atelierbringin.com\/fr\/wp-json\/wp\/v2\/pages"}],"about":[{"href":"https:\/\/atelierbringin.com\/fr\/wp-json\/wp\/v2\/types\/page"}],"author":[{"embeddable":true,"href":"https:\/\/atelierbringin.com\/fr\/wp-json\/wp\/v2\/users\/1"}],"replies":[{"embeddable":true,"href":"https:\/\/atelierbringin.com\/fr\/wp-json\/wp\/v2\/comments?post=563"}],"version-history":[{"count":19,"href":"https:\/\/atelierbringin.com\/fr\/wp-json\/wp\/v2\/pages\/563\/revisions"}],"predecessor-version":[{"id":1364,"href":"https:\/\/atelierbringin.com\/fr\/wp-json\/wp\/v2\/pages\/563\/revisions\/1364"}],"wp:attachment":[{"href":"https:\/\/atelierbringin.com\/fr\/wp-json\/wp\/v2\/media?parent=563"}],"curies":[{"name":"wp","href":"https:\/\/api.w.org\/{rel}","templated":true}]}}