{"id":562,"date":"2025-02-17T08:43:12","date_gmt":"2025-02-17T08:43:12","guid":{"rendered":"https:\/\/atelierbringin.com\/about\/"},"modified":"2025-06-17T07:03:31","modified_gmt":"2025-06-17T07:03:31","slug":"about","status":"publish","type":"page","link":"https:\/\/atelierbringin.com\/fr\/about\/","title":{"rendered":"\u00c0 propos"},"content":{"rendered":"<div class=\"wp-block-uagb-container uagb-layout-flex uagb-block-edf9ad47 alignfull uagb-is-root-container\"><div class=\"uagb-container-inner-blocks-wrap\">\n<div class=\"wp-block-uagb-advanced-heading uagb-block-022836bc\"><h1 class=\"uagb-heading-text\">Notre Histoire<\/h1><\/div>\n<\/div><\/div>\n\n\n\n<div class=\"wp-block-uagb-container uagb-block-rlejoihh alignfull uagb-is-root-container\"><div class=\"uagb-container-inner-blocks-wrap\">\n<div class=\"wp-block-uagb-info-box uagb-block-i12s2lbb uagb-infobox__content-wrap  uagb-infobox-icon-above-title uagb-infobox-image-valign-top\"><div class=\"uagb-ifb-content\"><div class=\"uagb-ifb-title-wrap\"><h2 class=\"uagb-ifb-title\">Artisanat depuis 1999<\/h2><\/div><p class=\"uagb-ifb-desc\">Atelier Bringin est nich\u00e9 au c\u0153ur de Jepara, une r\u00e9gion r\u00e9put\u00e9e pour sa sculpture sur bois magistrale.<br>&nbsp;<br>Notre aventure a d\u00e9but\u00e9 en 1999 avec la passion de pr\u00e9server ce savoir-faire magistral et de repousser les limites du bois, mat\u00e9riau noble. De nos humbles d\u00e9buts, nous sommes devenus un atelier sp\u00e9cialis\u00e9 dans le fa\u00e7onnage du bois massif pour cr\u00e9er des cr\u00e9ations alliant art, innovation et \u00e2me.<br>&nbsp;<br>Chaque recoin de notre atelier raconte une histoire : l'odeur des mati\u00e8res premi\u00e8res, le bourdonnement des outils et la concentration silencieuse des mains au travail. C\u2019est un lieu o\u00f9 l'h\u00e9ritage rencontre la modernit\u00e9.<\/p><\/div><\/div>\n\n\n\n<div class=\"wp-block-uagb-container uagb-block-irwt6opt\">\n<div class=\"wp-block-uagb-container uagb-block-gvfve3t2\">\n<div class=\"wp-block-uagb-container uagb-block-pgr2kjzb\">\n<div class=\"wp-block-uagb-advanced-heading uagb-block-q4e2etg5\"><h3 class=\"uagb-heading-text\">Notre Vision<\/h3><\/div>\n<\/div>\n\n\n\n<div class=\"wp-block-uagb-container uagb-block-duqladn0\">\n<div class=\"wp-block-uagb-advanced-heading uagb-block-wfcoopj9\"><p class=\"uagb-heading-text\">\u00c0 une \u00e9poque o\u00f9 la technologie domine de plus en plus la production de meubles et d'accessoires, l'art du savoir-faire manuel devient rare. Pourtant, nous croyons fermement que la v\u00e9ritable sophistication r\u00e9side l\u00e0 o\u00f9 le savoir-faire et l'innovation se rencontrent.<\/p><\/div>\n<\/div>\n<\/div>\n\n\n\n<div class=\"wp-block-uagb-container uagb-block-gxme91jn\">\n<div class=\"wp-block-uagb-container uagb-block-vdaoxt8j\">\n<div class=\"wp-block-uagb-advanced-heading uagb-block-mmifl6fm\"><h3 class=\"uagb-heading-text\">Notre Mission<\/h3><\/div>\n<\/div>\n\n\n\n<div class=\"wp-block-uagb-container uagb-block-qa2cputn\">\n<div class=\"wp-block-uagb-advanced-heading uagb-block-vgxt72km\"><p class=\"uagb-heading-text\">Forts de plus de deux d\u00e9cennies d'exp\u00e9rience, nous avons d\u00e9velopp\u00e9 notre expertise pour r\u00e9pondre aux besoins des clients du luxe et du haut de gamme du monde entier. Notre mission est de pr\u00e9server et de c\u00e9l\u00e9brer le savoir-faire et le savoir-faire qui se cachent derri\u00e8re des produits d'exception. Nous sommes engag\u00e9s envers l'excellence, la qualit\u00e9 et l'innovation.<\/p><\/div>\n<\/div>\n<\/div>\n<\/div>\n<\/div><\/div>\n\n\n\n<figure class=\"wp-block-image alignwide size-large\"><img loading=\"lazy\" decoding=\"async\" width=\"1024\" height=\"683\" src=\"https:\/\/atelierbringin.com\/wp-content\/uploads\/2025\/02\/Samdelaissephotography_EthnicraftImagery_258_web-1024x683.webp\" alt=\"\" class=\"wp-image-1236\" srcset=\"https:\/\/atelierbringin.com\/wp-content\/uploads\/2025\/02\/Samdelaissephotography_EthnicraftImagery_258_web-1024x683.webp 1024w, https:\/\/atelierbringin.com\/wp-content\/uploads\/2025\/02\/Samdelaissephotography_EthnicraftImagery_258_web-300x200.webp 300w, https:\/\/atelierbringin.com\/wp-content\/uploads\/2025\/02\/Samdelaissephotography_EthnicraftImagery_258_web-768x512.webp 768w, https:\/\/atelierbringin.com\/wp-content\/uploads\/2025\/02\/Samdelaissephotography_EthnicraftImagery_258_web-1536x1024.webp 1536w, https:\/\/atelierbringin.com\/wp-content\/uploads\/2025\/02\/Samdelaissephotography_EthnicraftImagery_258_web-18x12.webp 18w, https:\/\/atelierbringin.com\/wp-content\/uploads\/2025\/02\/Samdelaissephotography_EthnicraftImagery_258_web.webp 1920w\" sizes=\"auto, (max-width: 1024px) 100vw, 1024px\" \/><\/figure>","protected":false},"excerpt":{"rendered":"<p>Our Story Our Vision In an era where technology increasingly dominates the production of furniture and accessories, the art of [&hellip;]<\/p>","protected":false},"author":1,"featured_media":0,"parent":0,"menu_order":0,"comment_status":"closed","ping_status":"closed","template":"","meta":{"pagelayer_contact_templates":[],"_pagelayer_content":"","_uag_custom_page_level_css":"","site-sidebar-layout":"default","site-content-layout":"","ast-site-content-layout":"","site-content-style":"default","site-sidebar-style":"default","ast-global-header-display":"","ast-banner-title-visibility":"","ast-main-header-display":"","ast-hfb-above-header-display":"","ast-hfb-below-header-display":"","ast-hfb-mobile-header-display":"","site-post-title":"disabled","ast-breadcrumbs-content":"","ast-featured-img":"","footer-sml-layout":"","theme-transparent-header-meta":"enabled","adv-header-id-meta":"","stick-header-meta":"","header-above-stick-meta":"","header-main-stick-meta":"","header-below-stick-meta":"","astra-migrate-meta-layouts":"default","ast-page-background-enabled":"default","ast-page-background-meta":{"desktop":{"background-color":"var(--ast-global-color-4)","background-image":"","background-repeat":"repeat","background-position":"center center","background-size":"auto","background-attachment":"scroll","background-type":"","background-media":"","overlay-type":"","overlay-color":"","overlay-opacity":"","overlay-gradient":""},"tablet":{"background-color":"","background-image":"","background-repeat":"repeat","background-position":"center center","background-size":"auto","background-attachment":"scroll","background-type":"","background-media":"","overlay-type":"","overlay-color":"","overlay-opacity":"","overlay-gradient":""},"mobile":{"background-color":"","background-image":"","background-repeat":"repeat","background-position":"center center","background-size":"auto","background-attachment":"scroll","background-type":"","background-media":"","overlay-type":"","overlay-color":"","overlay-opacity":"","overlay-gradient":""}},"ast-content-background-meta":{"desktop":{"background-color":"var(--ast-global-color-5)","background-image":"","background-repeat":"repeat","background-position":"center center","background-size":"auto","background-attachment":"scroll","background-type":"","background-media":"","overlay-type":"","overlay-color":"","overlay-opacity":"","overlay-gradient":""},"tablet":{"background-color":"var(--ast-global-color-5)","background-image":"","background-repeat":"repeat","background-position":"center center","background-size":"auto","background-attachment":"scroll","background-type":"","background-media":"","overlay-type":"","overlay-color":"","overlay-opacity":"","overlay-gradient":""},"mobile":{"background-color":"var(--ast-global-color-5)","background-image":"","background-repeat":"repeat","background-position":"center center","background-size":"auto","background-attachment":"scroll","background-type":"","background-media":"","overlay-type":"","overlay-color":"","overlay-opacity":"","overlay-gradient":""}},"footnotes":""},"class_list":["post-562","page","type-page","status-publish","hentry"],"yoast_head":"<!-- This site is optimized with the Yoast SEO plugin v25.2 - https:\/\/yoast.com\/wordpress\/plugins\/seo\/ -->\n<title>About - Atelier Bringin<\/title>\n<meta name=\"robots\" content=\"index, follow, max-snippet:-1, max-image-preview:large, max-video-preview:-1\" \/>\n<link rel=\"canonical\" href=\"https:\/\/atelierbringin.com\/fr\/about\/\" \/>\n<meta property=\"og:locale\" content=\"fr_FR\" \/>\n<meta property=\"og:type\" content=\"article\" \/>\n<meta property=\"og:title\" content=\"About - Atelier Bringin\" \/>\n<meta property=\"og:description\" content=\"Our Story Our Vision In an era where technology increasingly dominates the production of furniture and accessories, the art of [&hellip;]\" \/>\n<meta property=\"og:url\" content=\"https:\/\/atelierbringin.com\/fr\/about\/\" \/>\n<meta property=\"og:site_name\" content=\"Atelier Bringin\" \/>\n<meta property=\"article:modified_time\" content=\"2025-06-17T07:03:31+00:00\" \/>\n<meta property=\"og:image\" content=\"https:\/\/atelierbringin.com\/wp-content\/uploads\/2025\/02\/Samdelaissephotography_EthnicraftImagery_258_web.jpg\" \/>\n\t<meta property=\"og:image:width\" content=\"1920\" \/>\n\t<meta property=\"og:image:height\" content=\"1280\" \/>\n\t<meta property=\"og:image:type\" content=\"image\/jpeg\" \/>\n<meta name=\"twitter:card\" content=\"summary_large_image\" \/>\n<meta name=\"twitter:label1\" content=\"Dur\u00e9e de lecture estim\u00e9e\" \/>\n\t<meta name=\"twitter:data1\" content=\"3 minutes\" \/>\n<script type=\"application\/ld+json\" class=\"yoast-schema-graph\">{\"@context\":\"https:\/\/schema.org\",\"@graph\":[{\"@type\":\"WebPage\",\"@id\":\"https:\/\/atelierbringin.com\/about\/\",\"url\":\"https:\/\/atelierbringin.com\/about\/\",\"name\":\"About - Atelier Bringin\",\"isPartOf\":{\"@id\":\"https:\/\/atelierbringin.com\/#website\"},\"primaryImageOfPage\":{\"@id\":\"https:\/\/atelierbringin.com\/about\/#primaryimage\"},\"image\":{\"@id\":\"https:\/\/atelierbringin.com\/about\/#primaryimage\"},\"thumbnailUrl\":\"https:\/\/atelierbringin.com\/wp-content\/uploads\/2025\/02\/Samdelaissephotography_EthnicraftImagery_258_web-1024x683.jpg\",\"datePublished\":\"2025-02-17T08:43:12+00:00\",\"dateModified\":\"2025-06-17T07:03:31+00:00\",\"breadcrumb\":{\"@id\":\"https:\/\/atelierbringin.com\/about\/#breadcrumb\"},\"inLanguage\":\"fr-FR\",\"potentialAction\":[{\"@type\":\"ReadAction\",\"target\":[\"https:\/\/atelierbringin.com\/about\/\"]}]},{\"@type\":\"ImageObject\",\"inLanguage\":\"fr-FR\",\"@id\":\"https:\/\/atelierbringin.com\/about\/#primaryimage\",\"url\":\"https:\/\/atelierbringin.com\/wp-content\/uploads\/2025\/02\/Samdelaissephotography_EthnicraftImagery_258_web-1024x683.jpg\",\"contentUrl\":\"https:\/\/atelierbringin.com\/wp-content\/uploads\/2025\/02\/Samdelaissephotography_EthnicraftImagery_258_web-1024x683.jpg\"},{\"@type\":\"BreadcrumbList\",\"@id\":\"https:\/\/atelierbringin.com\/about\/#breadcrumb\",\"itemListElement\":[{\"@type\":\"ListItem\",\"position\":1,\"name\":\"Home\",\"item\":\"https:\/\/atelierbringin.com\/\"},{\"@type\":\"ListItem\",\"position\":2,\"name\":\"About\"}]},{\"@type\":\"WebSite\",\"@id\":\"https:\/\/atelierbringin.com\/#website\",\"url\":\"https:\/\/atelierbringin.com\/\",\"name\":\"Atelier Bringin\",\"description\":\"Atelier Bringin\",\"publisher\":{\"@id\":\"https:\/\/atelierbringin.com\/#organization\"},\"potentialAction\":[{\"@type\":\"SearchAction\",\"target\":{\"@type\":\"EntryPoint\",\"urlTemplate\":\"https:\/\/atelierbringin.com\/?s={search_term_string}\"},\"query-input\":{\"@type\":\"PropertyValueSpecification\",\"valueRequired\":true,\"valueName\":\"search_term_string\"}}],\"inLanguage\":\"fr-FR\"},{\"@type\":\"Organization\",\"@id\":\"https:\/\/atelierbringin.com\/#organization\",\"name\":\"Atelier Bringin\",\"url\":\"https:\/\/atelierbringin.com\/\",\"logo\":{\"@type\":\"ImageObject\",\"inLanguage\":\"fr-FR\",\"@id\":\"https:\/\/atelierbringin.com\/#\/schema\/logo\/image\/\",\"url\":\"https:\/\/atelierbringin.com\/wp-content\/uploads\/2025\/02\/Logo-Atelier-Bringin.svg\",\"contentUrl\":\"https:\/\/atelierbringin.com\/wp-content\/uploads\/2025\/02\/Logo-Atelier-Bringin.svg\",\"width\":1,\"height\":1,\"caption\":\"Atelier Bringin\"},\"image\":{\"@id\":\"https:\/\/atelierbringin.com\/#\/schema\/logo\/image\/\"}}]}<\/script>\n<!-- \/ Yoast SEO plugin. -->","yoast_head_json":{"title":"About - Atelier Bringin","robots":{"index":"index","follow":"follow","max-snippet":"max-snippet:-1","max-image-preview":"max-image-preview:large","max-video-preview":"max-video-preview:-1"},"canonical":"https:\/\/atelierbringin.com\/fr\/about\/","og_locale":"fr_FR","og_type":"article","og_title":"About - Atelier Bringin","og_description":"Our Story Our Vision In an era where technology increasingly dominates the production of furniture and accessories, the art of [&hellip;]","og_url":"https:\/\/atelierbringin.com\/fr\/about\/","og_site_name":"Atelier Bringin","article_modified_time":"2025-06-17T07:03:31+00:00","og_image":[{"width":1920,"height":1280,"url":"https:\/\/atelierbringin.com\/wp-content\/uploads\/2025\/02\/Samdelaissephotography_EthnicraftImagery_258_web.jpg","type":"image\/jpeg"}],"twitter_card":"summary_large_image","twitter_misc":{"Dur\u00e9e de lecture estim\u00e9e":"3 minutes"},"schema":{"@context":"https:\/\/schema.org","@graph":[{"@type":"WebPage","@id":"https:\/\/atelierbringin.com\/about\/","url":"https:\/\/atelierbringin.com\/about\/","name":"About - Atelier Bringin","isPartOf":{"@id":"https:\/\/atelierbringin.com\/#website"},"primaryImageOfPage":{"@id":"https:\/\/atelierbringin.com\/about\/#primaryimage"},"image":{"@id":"https:\/\/atelierbringin.com\/about\/#primaryimage"},"thumbnailUrl":"https:\/\/atelierbringin.com\/wp-content\/uploads\/2025\/02\/Samdelaissephotography_EthnicraftImagery_258_web-1024x683.jpg","datePublished":"2025-02-17T08:43:12+00:00","dateModified":"2025-06-17T07:03:31+00:00","breadcrumb":{"@id":"https:\/\/atelierbringin.com\/about\/#breadcrumb"},"inLanguage":"fr-FR","potentialAction":[{"@type":"ReadAction","target":["https:\/\/atelierbringin.com\/about\/"]}]},{"@type":"ImageObject","inLanguage":"fr-FR","@id":"https:\/\/atelierbringin.com\/about\/#primaryimage","url":"https:\/\/atelierbringin.com\/wp-content\/uploads\/2025\/02\/Samdelaissephotography_EthnicraftImagery_258_web-1024x683.jpg","contentUrl":"https:\/\/atelierbringin.com\/wp-content\/uploads\/2025\/02\/Samdelaissephotography_EthnicraftImagery_258_web-1024x683.jpg"},{"@type":"BreadcrumbList","@id":"https:\/\/atelierbringin.com\/about\/#breadcrumb","itemListElement":[{"@type":"ListItem","position":1,"name":"Home","item":"https:\/\/atelierbringin.com\/"},{"@type":"ListItem","position":2,"name":"About"}]},{"@type":"WebSite","@id":"https:\/\/atelierbringin.com\/#website","url":"https:\/\/atelierbringin.com\/","name":"Atelier Bringin","description":"Atelier Bringin","publisher":{"@id":"https:\/\/atelierbringin.com\/#organization"},"potentialAction":[{"@type":"SearchAction","target":{"@type":"EntryPoint","urlTemplate":"https:\/\/atelierbringin.com\/?s={search_term_string}"},"query-input":{"@type":"PropertyValueSpecification","valueRequired":true,"valueName":"search_term_string"}}],"inLanguage":"fr-FR"},{"@type":"Organization","@id":"https:\/\/atelierbringin.com\/#organization","name":"Atelier Bringin","url":"https:\/\/atelierbringin.com\/","logo":{"@type":"ImageObject","inLanguage":"fr-FR","@id":"https:\/\/atelierbringin.com\/#\/schema\/logo\/image\/","url":"https:\/\/atelierbringin.com\/wp-content\/uploads\/2025\/02\/Logo-Atelier-Bringin.svg","contentUrl":"https:\/\/atelierbringin.com\/wp-content\/uploads\/2025\/02\/Logo-Atelier-Bringin.svg","width":1,"height":1,"caption":"Atelier Bringin"},"image":{"@id":"https:\/\/atelierbringin.com\/#\/schema\/logo\/image\/"}}]}},"pbg_featured_image_src":{"full":false,"thumbnail":false,"medium":false,"medium_large":false,"large":false,"1536x1536":false,"2048x2048":false,"trp-custom-language-flag":false},"pbg_author_info":{"display_name":"pxopi","author_link":"https:\/\/atelierbringin.com\/fr\/author\/pxopi\/","author_img":"<img alt='pxopi' src='https:\/\/secure.gravatar.com\/avatar\/b12df07a30fa1e662e0d5963daaccd43e471981b541c955d58ff72995d439128?s=128&#038;d=mm&#038;r=g' srcset='https:\/\/secure.gravatar.com\/avatar\/b12df07a30fa1e662e0d5963daaccd43e471981b541c955d58ff72995d439128?s=256&#038;d=mm&#038;r=g 2x' class='avatar avatar-128 photo' height='128' width='128' loading='lazy' decoding='async'\/>"},"pbg_comment_info":" No Comments","pbg_excerpt":"Our Story Our Vision In an era where technology increasingly dominates the production of furniture and accessories, the art of [&hellip;]","uagb_featured_image_src":{"full":false,"thumbnail":false,"medium":false,"medium_large":false,"large":false,"1536x1536":false,"2048x2048":false,"trp-custom-language-flag":false},"uagb_author_info":{"display_name":"pxopi","author_link":"https:\/\/atelierbringin.com\/fr\/author\/pxopi\/"},"uagb_comment_info":0,"uagb_excerpt":"Our Story Our Vision In an era where technology increasingly dominates the production of furniture and accessories, the art of [&hellip;]","_links":{"self":[{"href":"https:\/\/atelierbringin.com\/fr\/wp-json\/wp\/v2\/pages\/562","targetHints":{"allow":["GET"]}}],"collection":[{"href":"https:\/\/atelierbringin.com\/fr\/wp-json\/wp\/v2\/pages"}],"about":[{"href":"https:\/\/atelierbringin.com\/fr\/wp-json\/wp\/v2\/types\/page"}],"author":[{"embeddable":true,"href":"https:\/\/atelierbringin.com\/fr\/wp-json\/wp\/v2\/users\/1"}],"replies":[{"embeddable":true,"href":"https:\/\/atelierbringin.com\/fr\/wp-json\/wp\/v2\/comments?post=562"}],"version-history":[{"count":27,"href":"https:\/\/atelierbringin.com\/fr\/wp-json\/wp\/v2\/pages\/562\/revisions"}],"predecessor-version":[{"id":1543,"href":"https:\/\/atelierbringin.com\/fr\/wp-json\/wp\/v2\/pages\/562\/revisions\/1543"}],"wp:attachment":[{"href":"https:\/\/atelierbringin.com\/fr\/wp-json\/wp\/v2\/media?parent=562"}],"curies":[{"name":"wp","href":"https:\/\/api.w.org\/{rel}","templated":true}]}}